{"id":1676,"date":"2024-01-08T11:45:36","date_gmt":"2024-01-08T10:45:36","guid":{"rendered":"http:\/\/collaboration-for-future.com\/?page_id=1676"},"modified":"2024-04-15T16:45:26","modified_gmt":"2024-04-15T14:45:26","slug":"cosa-offriamo","status":"publish","type":"page","link":"http:\/\/collaboration-for-future.com\/index.php\/cosa-offriamo\/","title":{"rendered":"Cosa Offriamo"},"content":{"rendered":"\n<div class=\"wp-block-uagb-container uagb-block-ccb62fcb alignfull uagb-is-root-container\"><div class=\"uagb-container-inner-blocks-wrap\">\n<div class=\"wp-block-uagb-container uagb-block-223ad5e7\">\n<div class=\"wp-block-uagb-container uagb-block-6707ae4c\">\n<div class=\"wp-block-uagb-advanced-heading uagb-block-93554fa5\"><h6 class=\"uagb-heading-text\">Collaboration for Future<\/h6><\/div>\n\n\n\n<div class=\"wp-block-uagb-advanced-heading uagb-block-35ea7c34\"><div class=\"uagb-separator\"><\/div><\/div>\n\n\n\n<div class=\"wp-block-uagb-advanced-heading uagb-block-2e556868\"><h1 class=\"uagb-heading-text\">Cosa Offriamo<\/h1><\/div>\n<\/div>\n<\/div>\n<\/div><\/div>\n\n\n\n<div class=\"wp-block-uagb-container uagb-block-eebc0fcd alignfull uagb-is-root-container\"><div class=\"uagb-container-inner-blocks-wrap\">\n<div class=\"wp-block-uagb-container uagb-block-50cbad82\">\n<div class=\"wp-block-uagb-container uagb-block-c74060e0 alignfull uagb-is-root-container\"><div class=\"uagb-container-inner-blocks-wrap\">\n<div class=\"wp-block-uagb-container uagb-block-ff83c823\">\n<p style=\"font-size:16px\"><\/p>\n\n\n\n<p style=\"font-size:16px\">Durante gli ultimi anni, anche per esigenze legate alla pandemia, abbiamo avuto modo di approfondire le nostre conoscenze su quella forma di&nbsp; organizzazione aziendale meglio conosciuta con il nome di <strong>Impresa Adattiva.<\/strong><\/p>\n\n\n\n<p style=\"font-size:16px\">Un&#8217;impresa adattiva altro non \u00e8 che un&#8217;organizzazione in grado di rispondere rapidamente ed in modo efficace ai continui cambiamenti del mercato, della tecnologia e delle preferenze dei clienti. Si basa su elementi quali: la \u201ccultura dell&#8217;apprendimento, della ricerca e dell&#8217;innovazione\u201d, &nbsp; l\u2019utilizzo della tecnologia, la gestione per processi,&nbsp; il lean management (gestione aziendale snella)&nbsp; ed il design thinking (metodologia di problem solving che si sviluppa tramite processi incentrati sulla persona e sulla risoluzione di problemi complessi, allo scopo di generare valore attraverso soluzioni innovative).<\/p>\n<\/div>\n\n\n\n<div class=\"wp-block-uagb-container uagb-block-891c39f6\">\n<div class=\"wp-block-uagb-image aligncenter uagb-block-020fc5b9 wp-block-uagb-image--layout-default wp-block-uagb-image--effect-static wp-block-uagb-image--align-center\"><figure class=\"wp-block-uagb-image__figure\"><img decoding=\"async\" srcset=\"http:\/\/collaboration-for-future.com\/wp-content\/uploads\/2024\/04\/cosa-offriamo.png ,http:\/\/collaboration-for-future.com\/wp-content\/uploads\/2024\/04\/cosa-offriamo.png 780w, http:\/\/collaboration-for-future.com\/wp-content\/uploads\/2024\/04\/cosa-offriamo.png 360w\" sizes=\"(max-width: 480px) 150px\" src=\"http:\/\/collaboration-for-future.com\/wp-content\/uploads\/2024\/04\/cosa-offriamo.png\" alt=\"\" class=\"uag-image-3168\" width=\"600\" height=\"450\" title=\"cosa-offriamo\" loading=\"lazy\" role=\"img\"\/><\/figure><\/div>\n<\/div>\n<\/div><\/div>\n\n\n\n<div class=\"wp-block-uagb-container uagb-block-9614f242\">\n<p style=\"font-size:16px\"><br>Tutti concetti estremamente interessanti ed efficaci.&nbsp;<br>Ma quando dalla teoria si deve poi passare alla <strong>pratica<\/strong> e si devono elencare strumenti e&nbsp; modalit\u00e0 con cui realizzare tutto questo, ecco che allora i ragionamenti diventano pi\u00f9 sfumati e poco operativi.<br>A fronte di aziende con l\u2019urgente necessit\u00e0 di trasformarsi in imprese adattive, molti sono coloro che sono in grado di dire cosa fare, pochi&nbsp; quelli capaci di&nbsp; spiegare&nbsp; come farlo e attraverso quali strumenti.&nbsp;<br><\/p>\n<\/div>\n<\/div>\n<\/div><\/div>\n\n\n\n<div class=\"wp-block-uagb-container uagb-block-ca556984 alignfull uagb-is-root-container\"><div class=\"uagb-container-inner-blocks-wrap\">\n<div class=\"wp-block-uagb-container uagb-block-0d5b0a1c alignfull uagb-is-root-container\"><div class=\"uagb-container-inner-blocks-wrap\">\n<div class=\"wp-block-uagb-container uag-blocks-common-selector uagb-block-d3a6e17b\">\n<div class=\"wp-block-uagb-container uagb-block-41627d41 alignfull uagb-is-root-container\"><div class=\"uagb-container-inner-blocks-wrap\">\n<div class=\"wp-block-uagb-container uagb-block-6c41b49c\">\n<h2 class=\"wp-block-heading has-text-align-center has-ast-global-color-1-color has-text-color has-link-color has-x-large-font-size wp-elements-3dacec7204099f2a81852ec3072cf8f4\">Collaboration for Future<\/h2>\n\n\n\n<div style=\"height:20px\" aria-hidden=\"true\" class=\"wp-block-spacer\"><\/div>\n\n\n\n<p class=\"has-text-align-center has-ast-global-color-5-color has-text-color has-link-color wp-elements-e0e4b70d3360dce60749abc26345bc5d\" style=\"font-size:16px\">Un altro modo di accedere alle competenze <br> per la costruzione e lo sviluppo di imprese adattive<\/p>\n<\/div>\n<\/div><\/div>\n<\/div>\n\n\n\n<div class=\"wp-block-uagb-container uagb-block-8fe85eb5\">\n<p class=\"uag-hide-tab uag-hide-mob\"><\/p>\n\n\n\n<p style=\"font-size:16px\">Dall\u2019osservatorio di <strong>Value Search<\/strong> (societ\u00e0 di Head Hunting), abbiamo potuto di recente constatare che, oltre alle consuete richieste di profili manageriali, da parte delle funzioni di business delle aziende iniziavano a pervenire anche richieste di competenze pi\u00f9 articolate e flessibili. &nbsp;<br>Le funzioni di business stavano cio\u00e8 iniziando a manifestare esigenze a cui il modello di impresa adattiva avrebbe gi\u00e0 potuto&nbsp; fornire risposte valide.&nbsp;<br>Si trattava solo di fare un altro piccolo passo avanti e trovare strumenti&nbsp; appropriati &nbsp; in grado di favorire l\u2019individuazione e la costruzione di&nbsp; percorsi di cambiamento specifici&nbsp; e personalizzati.&nbsp; &nbsp;<br><br><br>Per dare risposte pi\u00f9 organiche e strutturate alle aziende,&nbsp;abbiamo quindi deciso di dare vita ad una <strong>nuova realt\u00e0<\/strong> che affrontasse esclusivamente problematiche di questo tipo. In grado di mettere a disposizione <strong>strumenti e strategie progettate&nbsp; appositamente<\/strong> per operare in situazioni&nbsp;complesse anche in contesti&nbsp; non del tutto&nbsp; conosciuti. &nbsp;<\/p>\n<\/div>\n<\/div><\/div>\n<\/div><\/div>\n\n\n\n<div class=\"wp-block-uagb-container uagb-block-72c1ec47 alignfull uagb-is-root-container\"><div class=\"uagb-container-inner-blocks-wrap\"><\/div><\/div>\n\n\n\n<div class=\"wp-block-uagb-container uagb-block-d0290fb1 alignfull uagb-is-root-container\"><div class=\"uagb-container-inner-blocks-wrap\">\n<div class=\"wp-block-uagb-info-box uagb-block-43642cab uagb-infobox__content-wrap  uagb-infobox-icon-above-title uagb-infobox-image-valign-top\"><div class=\"uagb-ifb-content\"><div class=\"uagb-ifb-title-wrap\"><h2 class=\"uagb-ifb-title\">Collaboration for Future<\/h2><\/div><p class=\"uagb-ifb-desc\">Scopri in che modo possiamo aiutarti!<\/p><div class=\"uagb-ifb-button-wrapper wp-block-button\"><a href=\"https:\/\/collaboration-for-future.com\/index.php\/contatti\/\" class=\"uagb-infobox-cta-link wp-block-button__link\" target=\"_self\" rel=\"noopener noreferrer\" onclick=\"return true;\" alt=\"\"><span class=\"uagb-inline-editing\">CONTATTACI<\/span><\/a><\/div><\/div><\/div>\n<\/div><\/div>\n","protected":false},"excerpt":{"rendered":"<p>Collaboration for Future Cosa Offriamo Durante gli ultimi anni, anche per esigenze legate alla pandemia, abbiamo avuto modo di approfondire le nostre conoscenze su quella forma di&nbsp; organizzazione aziendale meglio conosciuta con il nome di Impresa Adattiva. Un&#8217;impresa adattiva altro non \u00e8 che un&#8217;organizzazione in grado di rispondere rapidamente ed in modo efficace ai continui [&hellip;]<\/p>\n","protected":false},"author":1,"featured_media":0,"parent":0,"menu_order":0,"comment_status":"closed","ping_status":"closed","template":"","meta":{"_uag_custom_page_level_css":"","site-sidebar-layout":"default","site-content-layout":"","ast-site-content-layout":"default","site-content-style":"unboxed","site-sidebar-style":"default","ast-global-header-display":"","ast-banner-title-visibility":"","ast-main-header-display":"","ast-hfb-above-header-display":"","ast-hfb-below-header-display":"","ast-hfb-mobile-header-display":"","site-post-title":"disabled","ast-breadcrumbs-content":"","ast-featured-img":"","footer-sml-layout":"","theme-transparent-header-meta":"","adv-header-id-meta":"","stick-header-meta":"","header-above-stick-meta":"","header-main-stick-meta":"","header-below-stick-meta":"","astra-migrate-meta-layouts":"set","ast-page-background-enabled":"default","ast-page-background-meta":{"desktop":{"background-color":"","background-image":"","background-repeat":"repeat","background-position":"center center","background-size":"auto","background-attachment":"scroll","background-type":"","background-media":"","overlay-type":"","overlay-color":"","overlay-gradient":""},"tablet":{"background-color":"","background-image":"","background-repeat":"repeat","background-position":"center center","background-size":"auto","background-attachment":"scroll","background-type":"","background-media":"","overlay-type":"","overlay-color":"","overlay-gradient":""},"mobile":{"background-color":"","background-image":"","background-repeat":"repeat","background-position":"center center","background-size":"auto","background-attachment":"scroll","background-type":"","background-media":"","overlay-type":"","overlay-color":"","overlay-gradient":""}},"ast-content-background-meta":{"desktop":{"background-color":"var(--ast-global-color-5)","background-image":"","background-repeat":"repeat","background-position":"center center","background-size":"auto","background-attachment":"scroll","background-type":"","background-media":"","overlay-type":"","overlay-color":"","overlay-gradient":""},"tablet":{"background-color":"var(--ast-global-color-5)","background-image":"","background-repeat":"repeat","background-position":"center center","background-size":"auto","background-attachment":"scroll","background-type":"","background-media":"","overlay-type":"","overlay-color":"","overlay-gradient":""},"mobile":{"background-color":"var(--ast-global-color-5)","background-image":"","background-repeat":"repeat","background-position":"center center","background-size":"auto","background-attachment":"scroll","background-type":"","background-media":"","overlay-type":"","overlay-color":"","overlay-gradient":""}},"footnotes":""},"uagb_featured_image_src":{"full":false,"thumbnail":false,"medium":false,"medium_large":false,"large":false,"1536x1536":false,"2048x2048":false},"uagb_author_info":{"display_name":"dona","author_link":"http:\/\/collaboration-for-future.com\/index.php\/author\/dona\/"},"uagb_comment_info":0,"uagb_excerpt":"Collaboration for Future Cosa Offriamo Durante gli ultimi anni, anche per esigenze legate alla pandemia, abbiamo avuto modo di approfondire le nostre conoscenze su quella forma di&nbsp; organizzazione aziendale meglio conosciuta con il nome di Impresa Adattiva. Un&#8217;impresa adattiva altro non \u00e8 che un&#8217;organizzazione in grado di rispondere rapidamente ed in modo efficace ai continui&hellip;","_links":{"self":[{"href":"http:\/\/collaboration-for-future.com\/index.php\/wp-json\/wp\/v2\/pages\/1676"}],"collection":[{"href":"http:\/\/collaboration-for-future.com\/index.php\/wp-json\/wp\/v2\/pages"}],"about":[{"href":"http:\/\/collaboration-for-future.com\/index.php\/wp-json\/wp\/v2\/types\/page"}],"author":[{"embeddable":true,"href":"http:\/\/collaboration-for-future.com\/index.php\/wp-json\/wp\/v2\/users\/1"}],"replies":[{"embeddable":true,"href":"http:\/\/collaboration-for-future.com\/index.php\/wp-json\/wp\/v2\/comments?post=1676"}],"version-history":[{"count":109,"href":"http:\/\/collaboration-for-future.com\/index.php\/wp-json\/wp\/v2\/pages\/1676\/revisions"}],"predecessor-version":[{"id":3190,"href":"http:\/\/collaboration-for-future.com\/index.php\/wp-json\/wp\/v2\/pages\/1676\/revisions\/3190"}],"wp:attachment":[{"href":"http:\/\/collaboration-for-future.com\/index.php\/wp-json\/wp\/v2\/media?parent=1676"}],"curies":[{"name":"wp","href":"https:\/\/api.w.org\/{rel}","templated":true}]}}